{"id":405,"date":"2023-02-06T23:19:04","date_gmt":"2023-02-06T23:19:04","guid":{"rendered":"https:\/\/unitedworld.gr\/?page_id=405"},"modified":"2023-02-06T23:24:11","modified_gmt":"2023-02-06T23:24:11","slug":"jorge-rossy-vibes-trio","status":"publish","type":"page","link":"https:\/\/unitedworld.gr\/index.php\/artists\/jorge-rossy-vibes-trio\/","title":{"rendered":"Jorge Rossy Vibes Trio"},"content":{"rendered":"\n<div class=\"wp-block-columns are-vertically-aligned-center is-layout-flex wp-container-core-columns-is-layout-28f84493 wp-block-columns-is-layout-flex\">\n<div class=\"wp-block-column is-vertically-aligned-center is-layout-flow wp-block-column-is-layout-flow\" style=\"flex-basis:100%\">\n<div class=\"wp-block-group has-global-padding is-layout-constrained wp-block-group-is-layout-constrained\">\n<div class=\"wp-block-columns are-vertically-aligned-center is-layout-flex wp-container-core-columns-is-layout-28f84493 wp-block-columns-is-layout-flex\">\n<div class=\"wp-block-column is-vertically-aligned-center is-layout-flow wp-block-column-is-layout-flow\">\n<figure class=\"wp-block-image alignleft size-large\"><img fetchpriority=\"high\" decoding=\"async\" width=\"683\" height=\"1024\" src=\"https:\/\/unitedworld.gr\/wp-content\/uploads\/2023\/02\/52492468764_d39b4b7b87_k-683x1024.jpg\" alt=\"\" class=\"wp-image-408\" srcset=\"https:\/\/unitedworld.gr\/wp-content\/uploads\/2023\/02\/52492468764_d39b4b7b87_k-683x1024.jpg 683w, https:\/\/unitedworld.gr\/wp-content\/uploads\/2023\/02\/52492468764_d39b4b7b87_k-200x300.jpg 200w, https:\/\/unitedworld.gr\/wp-content\/uploads\/2023\/02\/52492468764_d39b4b7b87_k-768x1152.jpg 768w, https:\/\/unitedworld.gr\/wp-content\/uploads\/2023\/02\/52492468764_d39b4b7b87_k-1024x1536.jpg 1024w, https:\/\/unitedworld.gr\/wp-content\/uploads\/2023\/02\/52492468764_d39b4b7b87_k-600x900.jpg 600w, https:\/\/unitedworld.gr\/wp-content\/uploads\/2023\/02\/52492468764_d39b4b7b87_k.jpg 1365w\" sizes=\"(max-width: 683px) 100vw, 683px\" \/><figcaption class=\"wp-element-caption\"><kbd>Jorge Rossy Vibes Trio: Leo Barco<br>All rights reserved<\/kbd><\/figcaption><\/figure>\n<\/div>\n\n\n\n<div class=\"wp-block-column is-vertically-aligned-center is-layout-flow wp-block-column-is-layout-flow\">\n<h2 class=\"has-large-font-size wp-block-heading\">INTRO<\/h2>\n\n\n\n<pre class=\"wp-block-preformatted has-small-font-size\"><em>Puerta<\/em>, <strong>Jorge Rossy\u2019s<\/strong> first ECM recording as a bandleader, is also his first release of a trio recording in which he plays vibes and marimba. When he began to perform as a vibes player 7 years ago, Jorge focused on playing in larger ensembles and arranged his compositions in ways that did not necessarily feature the vibes as the central instrument. In this recording, he puts the vibes and the marimba front and center and in this sense, too, the CD represents his evolution as a vibes player. \n\nOn this album, Jorge is accompanied by <strong>Jeff Ballard<\/strong> on drums and <strong>Robert Landfermann<\/strong> on bass. With such strong players and in a trio session, the compositions allow for an intimacy and a space that give all three musicians an equal musical presence. The transparency of the sound enhances this sense that each musician takes an equal role in shaping the character and mood of the tunes. \n\nJorge and Jeff have known each other for years. They developed their musical voices largely in the same community of musicians around the New York jazz scene of the early \u201890s, and they have continued to play with many of the same people over the past three decades. Jeff\u2019s polyphonic approach to the drums provides a dense and very rich texture to the tunes. It is rooted in a deep understanding of different folk drumming traditions. \n\nRobert Landfermann is from a younger generation of Europe-based jazz musicians. Jorge first played with him just a couple of years ago when he was invited to play vibes as a guest with Pablo Held\u2019s trio, of which Robert is a core member. His imagination and array of sounds on the bass expands the sonic, conceptual and expressive scope of the band. He alternates between an austere approach that anchors the foundation of each tune and an incredibly skilled and imaginative voice that weaves its way through each composition.<\/pre>\n\n\n\n<div class=\"wp-block-buttons is-layout-flex wp-block-buttons-is-layout-flex\">\n<div class=\"wp-block-button has-custom-width wp-block-button__width-100 has-custom-font-size is-style-outline has-small-font-size is-style-outline--1\"><a class=\"wp-block-button__link wp-element-button\" href=\"https:\/\/www.ecmrecords.com\/shop\/1627628653\/puerta-jorge-rossy-robert-landfermann-jeff-ballard\" target=\"_blank\" rel=\"noreferrer noopener\">Listen to Latest Release &#8220;Puerta&#8221; (2021)<\/a><\/div>\n\n\n\n<div class=\"wp-block-button has-custom-width wp-block-button__width-100 has-custom-font-size is-style-outline has-small-font-size is-style-outline--2\"><a class=\"wp-block-button__link wp-element-button\" href=\"https:\/\/jorgerossy.com\/\" target=\"_blank\" rel=\"noreferrer noopener\">jorgerossy.com<\/a><\/div>\n<\/div>\n<\/div>\n<\/div>\n<\/div>\n<\/div>\n<\/div>\n\n\n\n<h2 class=\"alignfull has-text-align-center has-large-font-size wp-block-heading\">VIDEOS<\/h2>\n\n\n\n<figure class=\"wp-block-embed aligncenter is-type-video is-provider-youtube wp-block-embed-youtube wp-embed-aspect-16-9 wp-has-aspect-ratio\"><div class=\"wp-block-embed__wrapper\">\n<iframe title=\"Jorge Rossy Trio featuring Jeff Ballard &amp; Robert Landfermann Teaser\" width=\"950\" height=\"534\" src=\"https:\/\/www.youtube.com\/embed\/mpoG19BX8dg?feature=oembed\" frameborder=\"0\" allow=\"accelerometer; autoplay; clipboard-write; encrypted-media; gyroscope; picture-in-picture; web-share\" referrerpolicy=\"strict-origin-when-cross-origin\" allowfullscreen><\/iframe>\n<\/div><\/figure>\n\n\n\n<div class=\"wp-block-group alignwide has-global-padding is-layout-constrained wp-block-group-is-layout-constrained\">\n<div class=\"wp-block-columns alignwide is-layout-flex wp-container-core-columns-is-layout-28f84493 wp-block-columns-is-layout-flex\">\n<div class=\"wp-block-column is-vertically-aligned-center is-layout-flow wp-block-column-is-layout-flow\">\n<figure class=\"wp-block-embed is-type-video is-provider-youtube wp-block-embed-youtube wp-embed-aspect-16-9 wp-has-aspect-ratio\"><div class=\"wp-block-embed__wrapper\">\n<iframe title=\"Jorge Rossy Vibes Trio Post Catholic Waltz\" width=\"950\" height=\"534\" src=\"https:\/\/www.youtube.com\/embed\/N5y9yyYCNGs?feature=oembed\" frameborder=\"0\" allow=\"accelerometer; autoplay; clipboard-write; encrypted-media; gyroscope; picture-in-picture; web-share\" referrerpolicy=\"strict-origin-when-cross-origin\" allowfullscreen><\/iframe>\n<\/div><\/figure>\n<\/div>\n\n\n\n<div class=\"wp-block-column is-vertically-aligned-bottom is-layout-flow wp-block-column-is-layout-flow\">\n<figure class=\"wp-block-embed is-type-video is-provider-youtube wp-block-embed-youtube wp-embed-aspect-16-9 wp-has-aspect-ratio\"><div class=\"wp-block-embed__wrapper\">\n<iframe title=\"Jorge Rossy Vibes Trio Featuring Robert Landfermann &amp; Jeff Ballard Short Teaser\" width=\"950\" height=\"534\" src=\"https:\/\/www.youtube.com\/embed\/BkYxrEp42UA?feature=oembed\" frameborder=\"0\" allow=\"accelerometer; autoplay; clipboard-write; encrypted-media; gyroscope; picture-in-picture; web-share\" referrerpolicy=\"strict-origin-when-cross-origin\" allowfullscreen><\/iframe>\n<\/div><\/figure>\n<\/div>\n<\/div>\n<\/div>\n\n\n\n<div class=\"wp-block-group has-global-padding is-layout-constrained wp-block-group-is-layout-constrained\">\n<h2 class=\"has-text-align-center has-large-font-size wp-block-heading\">PHOTOS<\/h2>\n<\/div>\n\n\n\n<div class=\"wp-block-cover\" style=\"min-height:362px;aspect-ratio:unset;\"><span aria-hidden=\"true\" class=\"wp-block-cover__background has-black-background-color has-background-dim-20 has-background-dim\"><\/span><img decoding=\"async\" width=\"2560\" height=\"1707\" class=\"wp-block-cover__image-background wp-image-409\" alt=\"\" src=\"https:\/\/unitedworld.gr\/wp-content\/uploads\/2023\/02\/52491642197_8595418304_o-scaled.jpg\" style=\"object-position:56% 34%\" data-object-fit=\"cover\" data-object-position=\"56% 34%\" srcset=\"https:\/\/unitedworld.gr\/wp-content\/uploads\/2023\/02\/52491642197_8595418304_o-scaled.jpg 2560w, https:\/\/unitedworld.gr\/wp-content\/uploads\/2023\/02\/52491642197_8595418304_o-300x200.jpg 300w, https:\/\/unitedworld.gr\/wp-content\/uploads\/2023\/02\/52491642197_8595418304_o-1024x683.jpg 1024w, https:\/\/unitedworld.gr\/wp-content\/uploads\/2023\/02\/52491642197_8595418304_o-768x512.jpg 768w, https:\/\/unitedworld.gr\/wp-content\/uploads\/2023\/02\/52491642197_8595418304_o-1536x1024.jpg 1536w, https:\/\/unitedworld.gr\/wp-content\/uploads\/2023\/02\/52491642197_8595418304_o-2048x1366.jpg 2048w, https:\/\/unitedworld.gr\/wp-content\/uploads\/2023\/02\/52491642197_8595418304_o-2000x1333.jpg 2000w, https:\/\/unitedworld.gr\/wp-content\/uploads\/2023\/02\/52491642197_8595418304_o-600x400.jpg 600w\" sizes=\"(max-width: 2560px) 100vw, 2560px\" \/><div class=\"wp-block-cover__inner-container is-layout-flow wp-block-cover-is-layout-flow\">\n<p class=\"has-text-align-center has-white-color has-text-color has-large-font-size\"><a href=\"https:\/\/www.flickr.com\/photos\/128639757@N04\/albums\/72177720303615903\" data-type=\"URL\" data-id=\"https:\/\/www.flickr.com\/photos\/128639757@N04\/albums\/72177720303615903\">download high-res photos via Flickr<\/a><\/p>\n<\/div><\/div>\n\n\n\n<div class=\"wp-block-group has-global-padding is-layout-constrained wp-block-group-is-layout-constrained\">\n<div class=\"wp-block-columns is-layout-flex wp-container-core-columns-is-layout-28f84493 wp-block-columns-is-layout-flex\">\n<div class=\"wp-block-column is-layout-flow wp-block-column-is-layout-flow\">\n<h2 class=\"has-text-align-left has-large-font-size wp-block-heading\">LINE UP:<\/h2>\n\n\n\n<p style=\"font-size:clamp(16.293px, 1.018rem + ((1vw - 3.2px) * 0.907), 25px);\">Jorge Rossy, vibes, <em>marimba<\/em><\/p>\n\n\n\n<p style=\"font-size:clamp(16.293px, 1.018rem + ((1vw - 3.2px) * 0.907), 25px);\"><br>Robert Landfermann, <em>double bass<\/em><\/p>\n\n\n\n<p style=\"font-size:clamp(16.293px, 1.018rem + ((1vw - 3.2px) * 0.907), 25px);\"><br>Jeff Ballard, <em>drums<\/em><\/p>\n<\/div>\n\n\n\n<div class=\"wp-block-column is-layout-flow wp-block-column-is-layout-flow\">\n<h2 class=\"has-text-align-center has-large-font-size wp-block-heading\">REVIEWS<\/h2>\n\n\n\n<p class=\"has-text-align-center\" style=\"font-size:clamp(14px, 0.875rem + ((1vw - 3.2px) * 0.208), 16px);\"><em>&#8220;For this set of original compositions, Jossy knew that he needed three soloists, not just a rhythm section, for the set to be a completely balanced affair. As he did when playing drums, his own contributions unfold in elegant waves, made up of minimal phrases all chosen with care. This is a stylish, cool album, an exciting development in Rossy\u2019s varied musical life. Highly recommended.&#8221;<\/em><\/p>\n\n\n\n<p class=\"has-text-align-center has-small-font-size\">&#8211;&nbsp;<em>Simon Adams, G-Scene<\/em><\/p>\n\n\n\n<p class=\"has-text-align-center\" style=\"font-size:clamp(14px, 0.875rem + ((1vw - 3.2px) * 0.208), 16px);\"><em>&#8220;Eine ruhige Trioplatte, die mich immer wieder an Bill Evans\u2019 Trio denken l\u00e4sst, ohne besondere musikalische N\u00e4he dazu zu haben. Die durchg\u00e4ngie Ruhe hei\u00dft an keiner Stelle Langeweile, man h\u00f6rt die Spannung, an deren Aufbau allen drei Musikern gelegen ist. [\u2026] Immer wieder verbreitet mal ein St\u00fcck auch gepflegten Swing, aber den Gesamteindruck der Platte dominiert ihre enorme Ruhe und k\u00fcnstlerische Kraft.&#8221;<\/em><\/p>\n\n\n\n<p class=\"has-text-align-center has-small-font-size\">&#8211; Stephan Richter, Jazzpodium<\/p>\n<\/div>\n<\/div>\n<\/div>\n","protected":false},"excerpt":{"rendered":"<p>INTRO Puerta, Jorge Rossy\u2019s first ECM recording as a bandleader, is also his first release of a trio recording in which he plays vibes and marimba. When he began to perform as a vibes player 7 years ago, Jorge focused on playing in larger ensembles and arranged his compositions in ways that did not necessarily &hellip; <\/p>\n<p class=\"link-more\"><a href=\"https:\/\/unitedworld.gr\/index.php\/artists\/jorge-rossy-vibes-trio\/\" class=\"more-link\">Read more<span class=\"screen-reader-text\"> &#8220;Jorge Rossy Vibes Trio&#8221;<\/span><\/a><\/p>\n","protected":false},"author":1,"featured_media":363,"parent":8,"menu_order":0,"comment_status":"closed","ping_status":"closed","template":"page-templates\/full-width-builder-bb.php","meta":{"footnotes":""},"class_list":["post-405","page","type-page","status-publish","has-post-thumbnail","hentry"],"featured_media_urls":{"thumbnail":["https:\/\/unitedworld.gr\/wp-content\/uploads\/2023\/02\/jorgerossyvibestrio-edited-1-150x150.jpg",150,150,true],"medium":["https:\/\/unitedworld.gr\/wp-content\/uploads\/2023\/02\/jorgerossyvibestrio-edited-1-300x300.jpg",300,300,true],"medium_large":["https:\/\/unitedworld.gr\/wp-content\/uploads\/2023\/02\/jorgerossyvibestrio-edited-1-768x768.jpg",768,768,true],"large":["https:\/\/unitedworld.gr\/wp-content\/uploads\/2023\/02\/jorgerossyvibestrio-edited-1-1024x1024.jpg",950,950,true],"1536x1536":["https:\/\/unitedworld.gr\/wp-content\/uploads\/2023\/02\/jorgerossyvibestrio-edited-1.jpg",1423,1423,false],"2048x2048":["https:\/\/unitedworld.gr\/wp-content\/uploads\/2023\/02\/jorgerossyvibestrio-edited-1.jpg",1423,1423,false],"inspiro-featured-image":["https:\/\/unitedworld.gr\/wp-content\/uploads\/2023\/02\/jorgerossyvibestrio-edited-1.jpg",1423,1423,false],"inspiro-loop":["https:\/\/unitedworld.gr\/wp-content\/uploads\/2023\/02\/jorgerossyvibestrio-edited-1-950x320.jpg",950,320,true],"inspiro-loop@2x":["https:\/\/unitedworld.gr\/wp-content\/uploads\/2023\/02\/jorgerossyvibestrio-edited-1-1423x640.jpg",1423,640,true],"portfolio_item-thumbnail":["https:\/\/unitedworld.gr\/wp-content\/uploads\/2023\/02\/jorgerossyvibestrio-edited-1-600x400.jpg",600,400,true],"portfolio_item-thumbnail@2x":["https:\/\/unitedworld.gr\/wp-content\/uploads\/2023\/02\/jorgerossyvibestrio-edited-1-1200x800.jpg",1200,800,true],"portfolio_item-masonry":["https:\/\/unitedworld.gr\/wp-content\/uploads\/2023\/02\/jorgerossyvibestrio-edited-1-600x600.jpg",600,600,true],"portfolio_item-masonry@2x":["https:\/\/unitedworld.gr\/wp-content\/uploads\/2023\/02\/jorgerossyvibestrio-edited-1-1200x1200.jpg",1200,1200,true],"portfolio_item-thumbnail_cinema":["https:\/\/unitedworld.gr\/wp-content\/uploads\/2023\/02\/jorgerossyvibestrio-edited-1-800x335.jpg",800,335,true],"portfolio_item-thumbnail_portrait":["https:\/\/unitedworld.gr\/wp-content\/uploads\/2023\/02\/jorgerossyvibestrio-edited-1-600x900.jpg",600,900,true],"portfolio_item-thumbnail_portrait@2x":["https:\/\/unitedworld.gr\/wp-content\/uploads\/2023\/02\/jorgerossyvibestrio-edited-1-1200x1423.jpg",1200,1423,true],"portfolio_item-thumbnail_square":["https:\/\/unitedworld.gr\/wp-content\/uploads\/2023\/02\/jorgerossyvibestrio-edited-1-800x800.jpg",800,800,true]},"_links":{"self":[{"href":"https:\/\/unitedworld.gr\/index.php\/wp-json\/wp\/v2\/pages\/405","targetHints":{"allow":["GET"]}}],"collection":[{"href":"https:\/\/unitedworld.gr\/index.php\/wp-json\/wp\/v2\/pages"}],"about":[{"href":"https:\/\/unitedworld.gr\/index.php\/wp-json\/wp\/v2\/types\/page"}],"author":[{"embeddable":true,"href":"https:\/\/unitedworld.gr\/index.php\/wp-json\/wp\/v2\/users\/1"}],"replies":[{"embeddable":true,"href":"https:\/\/unitedworld.gr\/index.php\/wp-json\/wp\/v2\/comments?post=405"}],"version-history":[{"count":18,"href":"https:\/\/unitedworld.gr\/index.php\/wp-json\/wp\/v2\/pages\/405\/revisions"}],"predecessor-version":[{"id":429,"href":"https:\/\/unitedworld.gr\/index.php\/wp-json\/wp\/v2\/pages\/405\/revisions\/429"}],"up":[{"embeddable":true,"href":"https:\/\/unitedworld.gr\/index.php\/wp-json\/wp\/v2\/pages\/8"}],"wp:featuredmedia":[{"embeddable":true,"href":"https:\/\/unitedworld.gr\/index.php\/wp-json\/wp\/v2\/media\/363"}],"wp:attachment":[{"href":"https:\/\/unitedworld.gr\/index.php\/wp-json\/wp\/v2\/media?parent=405"}],"curies":[{"name":"wp","href":"https:\/\/api.w.org\/{rel}","templated":true}]}}