{"id":386,"date":"2023-02-06T22:12:50","date_gmt":"2023-02-06T22:12:50","guid":{"rendered":"https:\/\/unitedworld.gr\/?page_id=386"},"modified":"2023-02-06T22:15:07","modified_gmt":"2023-02-06T22:15:07","slug":"larry-goldings","status":"publish","type":"page","link":"https:\/\/unitedworld.gr\/index.php\/artists\/larry-goldings\/","title":{"rendered":"Larry Goldings"},"content":{"rendered":"\n<div class=\"wp-block-columns are-vertically-aligned-center is-layout-flex wp-container-core-columns-is-layout-28f84493 wp-block-columns-is-layout-flex\">\n<div class=\"wp-block-column is-vertically-aligned-center is-layout-flow wp-block-column-is-layout-flow\" style=\"flex-basis:100%\">\n<div class=\"wp-block-group has-global-padding is-layout-constrained wp-block-group-is-layout-constrained\">\n<div class=\"wp-block-columns is-layout-flex wp-container-core-columns-is-layout-28f84493 wp-block-columns-is-layout-flex\">\n<div class=\"wp-block-column is-vertically-aligned-bottom is-layout-flow wp-block-column-is-layout-flow\">\n<figure class=\"wp-block-image alignleft size-large\"><img fetchpriority=\"high\" decoding=\"async\" width=\"684\" height=\"1024\" src=\"https:\/\/unitedworld.gr\/wp-content\/uploads\/2023\/02\/larry-goldings-by-imre-barta-1-bw-2019_49562319391_o-684x1024.jpg\" alt=\"\" class=\"wp-image-387\" srcset=\"https:\/\/unitedworld.gr\/wp-content\/uploads\/2023\/02\/larry-goldings-by-imre-barta-1-bw-2019_49562319391_o-684x1024.jpg 684w, https:\/\/unitedworld.gr\/wp-content\/uploads\/2023\/02\/larry-goldings-by-imre-barta-1-bw-2019_49562319391_o-200x300.jpg 200w, https:\/\/unitedworld.gr\/wp-content\/uploads\/2023\/02\/larry-goldings-by-imre-barta-1-bw-2019_49562319391_o-768x1150.jpg 768w, https:\/\/unitedworld.gr\/wp-content\/uploads\/2023\/02\/larry-goldings-by-imre-barta-1-bw-2019_49562319391_o-1025x1536.jpg 1025w, https:\/\/unitedworld.gr\/wp-content\/uploads\/2023\/02\/larry-goldings-by-imre-barta-1-bw-2019_49562319391_o-1367x2048.jpg 1367w, https:\/\/unitedworld.gr\/wp-content\/uploads\/2023\/02\/larry-goldings-by-imre-barta-1-bw-2019_49562319391_o-2000x2996.jpg 2000w, https:\/\/unitedworld.gr\/wp-content\/uploads\/2023\/02\/larry-goldings-by-imre-barta-1-bw-2019_49562319391_o-600x899.jpg 600w, https:\/\/unitedworld.gr\/wp-content\/uploads\/2023\/02\/larry-goldings-by-imre-barta-1-bw-2019_49562319391_o-scaled.jpg 1709w\" sizes=\"(max-width: 684px) 100vw, 684px\" \/><figcaption class=\"wp-element-caption\"><kbd>Larry Goldings: Imre Barta<br>All rights reserved<\/kbd><\/figcaption><\/figure>\n<\/div>\n\n\n\n<div class=\"wp-block-column is-vertically-aligned-top is-layout-flow wp-block-column-is-layout-flow\">\n<h2 class=\"has-large-font-size wp-block-heading\">INTRO<\/h2>\n\n\n\n<pre class=\"wp-block-preformatted has-small-font-size\">If it has a keyboard, <strong>Larry Goldings<\/strong> will always be game to give it a whirl. Perhaps best known for the organ trio <em>Goldings \/ Bernstein \/ Stewart<\/em>, Goldings grew up primarily as a pianist, but, \"home organs, analog synths, melodicas - what have you - were equally significant during my formative years. I was very content in my childhood basement, as a one-man band, pretty much from the start. It got me thinking about color, texture, orchestration, and what it feels like to simultaneously be a bass player. I love having other colors at my disposal, because it leads me down new roads, with new emotional and storytelling possibilities.\" \n\nLarry\u2019s solo performance features him as a pianist, and\/or whatever keyboard instruments each venue can provide, creating an evening of spontaneous, creative, and eclectic music. Possibly ruining the evening will be guest artist <strong>Hans Groiner<\/strong>, known for removing the best parts of musical ideas. One critic said of his Thelonious Monk interpretations, \u201cKill me now\u201d. \n\nGoldings also is active as a composer, arranger, and producer. His compositions reflect a wide listening palette -- from Duke Ellington to Gabriel Faur\u00e9 -- in addition to more contemporary artists like Randy Newman, Bj\u00f6rk, and Chico Buarque. Goldings' songs have been recorded by Michael Brecker, Till Br\u00f6nner, Jack DeJohnette, Bob Dorough, Jim Hall, Jane Monheit, Gaby Moreno, John Scofield, Mark Sholtez, Sia, Curis Stigers, and Toots Thielemans. Goldings' music also has been featured in television shows and motion pictures, including, \"The Office,\" \"Proof,\" and \"Funny People.\"<\/pre>\n\n\n\n<div class=\"wp-block-buttons is-layout-flex wp-block-buttons-is-layout-flex\">\n<div class=\"wp-block-button has-custom-width wp-block-button__width-75 has-custom-font-size is-style-outline has-small-font-size is-style-outline--1\"><a class=\"wp-block-button__link wp-element-button\" href=\"https:\/\/www.larrygoldings.com\/\">Larrygoldings.com<\/a><\/div>\n<\/div>\n<\/div>\n<\/div>\n<\/div>\n<\/div>\n<\/div>\n\n\n\n<figure class=\"wp-block-embed is-type-rich is-provider-spotify wp-block-embed-spotify wp-embed-aspect-21-9 wp-has-aspect-ratio\"><div class=\"wp-block-embed__wrapper\">\n<iframe title=\"Spotify Embed: Self Made: Inspired by the Life of Madam C.J. Walker (Soundtrack from a Netflix Limited Series)\" style=\"border-radius: 12px\" width=\"100%\" height=\"352\" frameborder=\"0\" allowfullscreen allow=\"autoplay; clipboard-write; encrypted-media; fullscreen; picture-in-picture\" loading=\"lazy\" src=\"https:\/\/open.spotify.com\/embed\/album\/6D1nbzJkhGB63uFX9JeKUa?si=WRer1GgQRvOirCzvgMxJdg&#038;utm_source=oembed\"><\/iframe>\n<\/div><\/figure>\n\n\n\n<h2 class=\"alignfull has-text-align-center has-large-font-size wp-block-heading\">VIDEOS<\/h2>\n\n\n\n<figure class=\"wp-block-embed alignwide is-type-video is-provider-youtube wp-block-embed-youtube wp-embed-aspect-16-9 wp-has-aspect-ratio\"><div class=\"wp-block-embed__wrapper\">\n<iframe title=\"The Guy with the Gig - Close Encounters\" width=\"950\" height=\"534\" src=\"https:\/\/www.youtube.com\/embed\/pVTSMz3KziU?feature=oembed\" frameborder=\"0\" allow=\"accelerometer; autoplay; clipboard-write; encrypted-media; gyroscope; picture-in-picture; web-share\" allowfullscreen><\/iframe>\n<\/div><\/figure>\n\n\n\n<div class=\"wp-block-group alignwide has-global-padding is-layout-constrained wp-block-group-is-layout-constrained\">\n<div class=\"wp-block-columns alignwide is-layout-flex wp-container-core-columns-is-layout-28f84493 wp-block-columns-is-layout-flex\">\n<div class=\"wp-block-column is-vertically-aligned-center is-layout-flow wp-block-column-is-layout-flow\">\n<figure class=\"wp-block-embed is-type-video is-provider-youtube wp-block-embed-youtube wp-embed-aspect-16-9 wp-has-aspect-ratio\"><div class=\"wp-block-embed__wrapper\">\n<iframe title=\"Hans Groiner Jazz Piano Lesson\" width=\"950\" height=\"534\" src=\"https:\/\/www.youtube.com\/embed\/FFLp5JmCsek?start=49&#038;feature=oembed\" frameborder=\"0\" allow=\"accelerometer; autoplay; clipboard-write; encrypted-media; gyroscope; picture-in-picture; web-share\" allowfullscreen><\/iframe>\n<\/div><\/figure>\n\n\n\n<figure class=\"wp-block-embed is-type-video is-provider-youtube wp-block-embed-youtube wp-embed-aspect-16-9 wp-has-aspect-ratio\"><div class=\"wp-block-embed__wrapper\">\n<iframe title=\"School Song - Larry Goldings\" width=\"950\" height=\"534\" src=\"https:\/\/www.youtube.com\/embed\/TkTovBZwcMk?feature=oembed\" frameborder=\"0\" allow=\"accelerometer; autoplay; clipboard-write; encrypted-media; gyroscope; picture-in-picture; web-share\" allowfullscreen><\/iframe>\n<\/div><\/figure>\n<\/div>\n\n\n\n<div class=\"wp-block-column is-vertically-aligned-bottom is-layout-flow wp-block-column-is-layout-flow\">\n<figure class=\"wp-block-embed is-type-video is-provider-youtube wp-block-embed-youtube wp-embed-aspect-16-9 wp-has-aspect-ratio\"><div class=\"wp-block-embed__wrapper\">\n<iframe title=\"&quot;Long Summer&quot; (Improvisation by Larry Goldings)\" width=\"950\" height=\"534\" src=\"https:\/\/www.youtube.com\/embed\/kG95NK7XBhU?feature=oembed\" frameborder=\"0\" allow=\"accelerometer; autoplay; clipboard-write; encrypted-media; gyroscope; picture-in-picture; web-share\" allowfullscreen><\/iframe>\n<\/div><\/figure>\n\n\n\n<figure class=\"wp-block-embed is-type-video is-provider-youtube wp-block-embed-youtube wp-embed-aspect-16-9 wp-has-aspect-ratio\"><div class=\"wp-block-embed__wrapper\">\n<iframe title=\"Larry Goldings and Melinda Sullivan - &quot;These Foolish Things&quot;\" width=\"950\" height=\"534\" src=\"https:\/\/www.youtube.com\/embed\/qnlHX_vtCGM?feature=oembed\" frameborder=\"0\" allow=\"accelerometer; autoplay; clipboard-write; encrypted-media; gyroscope; picture-in-picture; web-share\" allowfullscreen><\/iframe>\n<\/div><\/figure>\n<\/div>\n<\/div>\n<\/div>\n\n\n\n<div class=\"wp-block-group has-global-padding is-layout-constrained wp-block-group-is-layout-constrained\">\n<h2 class=\"has-text-align-center has-large-font-size wp-block-heading\">PHOTOS<\/h2>\n<\/div>\n\n\n\n<div class=\"wp-block-cover\" style=\"min-height:362px;aspect-ratio:unset;\"><span aria-hidden=\"true\" class=\"wp-block-cover__background has-black-background-color has-background-dim-20 has-background-dim\"><\/span><img decoding=\"async\" width=\"1339\" height=\"1079\" class=\"wp-block-cover__image-background wp-image-388\" alt=\"\" src=\"https:\/\/unitedworld.gr\/wp-content\/uploads\/2023\/02\/larry-goldings-trio-live-unterfahrt-2013_15168422773_o.jpg\" style=\"object-position:68% 33%\" data-object-fit=\"cover\" data-object-position=\"68% 33%\" srcset=\"https:\/\/unitedworld.gr\/wp-content\/uploads\/2023\/02\/larry-goldings-trio-live-unterfahrt-2013_15168422773_o.jpg 1339w, https:\/\/unitedworld.gr\/wp-content\/uploads\/2023\/02\/larry-goldings-trio-live-unterfahrt-2013_15168422773_o-300x242.jpg 300w, https:\/\/unitedworld.gr\/wp-content\/uploads\/2023\/02\/larry-goldings-trio-live-unterfahrt-2013_15168422773_o-1024x825.jpg 1024w, https:\/\/unitedworld.gr\/wp-content\/uploads\/2023\/02\/larry-goldings-trio-live-unterfahrt-2013_15168422773_o-768x619.jpg 768w, https:\/\/unitedworld.gr\/wp-content\/uploads\/2023\/02\/larry-goldings-trio-live-unterfahrt-2013_15168422773_o-600x483.jpg 600w\" sizes=\"(max-width: 1339px) 100vw, 1339px\" \/><div class=\"wp-block-cover__inner-container is-layout-flow wp-block-cover-is-layout-flow\">\n<p class=\"has-text-align-center has-white-color has-text-color has-large-font-size\"><a href=\"https:\/\/www.flickr.com\/photos\/128639757@N04\/albums\/72157646961403593\" data-type=\"URL\" data-id=\"https:\/\/www.flickr.com\/photos\/128639757@N04\/albums\/72157646961403593\" target=\"_blank\" rel=\"noreferrer noopener\">download high-res photos via Flickr<\/a><\/p>\n<\/div><\/div>\n\n\n\n<div class=\"wp-block-group has-global-padding is-layout-constrained wp-block-group-is-layout-constrained\">\n<div class=\"wp-block-columns is-layout-flex wp-container-core-columns-is-layout-28f84493 wp-block-columns-is-layout-flex\">\n<div class=\"wp-block-column is-layout-flow wp-block-column-is-layout-flow\">\n<h2 class=\"has-text-align-center has-large-font-size wp-block-heading\">MORE FROM LARRY<\/h2>\n\n\n\n<div class=\"wp-block-buttons is-content-justification-center is-layout-flex wp-container-core-buttons-is-layout-5b5683f2 wp-block-buttons-is-layout-flex\">\n<div class=\"wp-block-button aligncenter has-custom-width wp-block-button__width-50 has-custom-font-size has-small-font-size\"><a class=\"wp-block-button__link has-black-background-color has-background wp-element-button\" href=\"https:\/\/www.youtube.com\/@larrygoldings\" style=\"border-radius:35px\">Youtube<\/a><\/div>\n\n\n\n<div class=\"wp-block-button aligncenter has-custom-width wp-block-button__width-50 has-custom-font-size has-small-font-size\"><a class=\"wp-block-button__link has-black-background-color has-background wp-element-button\" href=\"https:\/\/linktr.ee\/larrygoldings\">More Links<\/a><\/div>\n<\/div>\n<\/div>\n\n\n\n<div class=\"wp-block-column is-layout-flow wp-block-column-is-layout-flow\">\n<h2 class=\"has-text-align-center has-large-font-size wp-block-heading\">REVIEWS<\/h2>\n\n\n\n<p class=\"has-text-align-center\" style=\"font-size:clamp(14px, 0.875rem + ((1vw - 3.2px) * 0.208), 16px);\"><em>&#8220;More than a gifted pianist, organist, and 20-yr member of James Taylor\u2019s band, Larry Goldings is also the brilliant comic mind behind the viral CPAC \u201cnational anthem\u201d video and, as most jazz fans know, the madcap \u201cHans Groiner\u201d character, an \u201cexpert\u201d on Thelonious Monk\u2019s music who \u201cimproves it by making it more relaxing and less offensive to the ear.\u201d<\/em><\/p>\n\n\n\n<p class=\"has-text-align-center has-small-font-size\">&#8211;&nbsp;Allen Morrison <a href=\"https:\/\/jazztimes.com\/features\/profiles\/larry-goldings-comedian\/?utm_campaign=LARRY%20GOLDINGS%20SOLO%20(special%20gue&amp;utm_term=See%20full%20interview&amp;utm_medium=email&amp;utm_source=directmailmac\" data-type=\"URL\" data-id=\"https:\/\/jazztimes.com\/features\/profiles\/larry-goldings-comedian\/?utm_campaign=LARRY%20GOLDINGS%20SOLO%20(special%20gue&amp;utm_term=See%20full%20interview&amp;utm_medium=email&amp;utm_source=directmailmac\">(full interview)<\/a><\/p>\n\n\n\n<p class=\"has-text-align-center\" style=\"font-size:clamp(14px, 0.875rem + ((1vw - 3.2px) * 0.208), 16px);\"><em>\u201cPianist Larry Goldings&#8217;&nbsp;In My Room&nbsp;is the perfect example of music that thrives on small doses of the sentimental, and is all the better for it\u2026.&nbsp;Goldings distills the music down to its melodic essence, getting to the emotional core of the music with complete honesty and integrity.\u201d <\/em><\/p>\n\n\n\n<p class=\"has-text-align-center has-small-font-size\">-Dan Bilawsky, <a href=\"https:\/\/unitedworld.dmanalytics1.com\/click?u=https%3A%2F%2Fwww.allaboutjazz.com%2Fin-my-room-larry-goldings-bfm-review-by-dan-bilawsky%3Futm_campaign%3DLARRY%2520GOLDINGS%2520SOLO%2520%28special%2520gue%26utm_term%3DSee%2520full%2520review%26utm_medium%3Demail%26utm_source%3Ddirectmailmac&amp;i=2&amp;d=UY9vqUTOSJC23W_aj1EICg&amp;e=contact%40unitedworld.gr&amp;a=OXWnJT3fRGylbq5y67k1Ww&amp;s=cCEle0vsEK0\" data-type=\"URL\" data-id=\"https:\/\/unitedworld.dmanalytics1.com\/click?u=https%3A%2F%2Fwww.allaboutjazz.com%2Fin-my-room-larry-goldings-bfm-review-by-dan-bilawsky%3Futm_campaign%3DLARRY%2520GOLDINGS%2520SOLO%2520%28special%2520gue%26utm_term%3DSee%2520full%2520review%26utm_medium%3Demail%26utm_source%3Ddirectmailmac&amp;i=2&amp;d=UY9vqUTOSJC23W_aj1EICg&amp;e=contact%40unitedworld.gr&amp;a=OXWnJT3fRGylbq5y67k1Ww&amp;s=cCEle0vsEK0\">All About Jazz<\/a><\/p>\n<\/div>\n<\/div>\n<\/div>\n","protected":false},"excerpt":{"rendered":"<p>INTRO If it has a keyboard, Larry Goldings will always be game to give it a whirl. Perhaps best known for the organ trio Goldings \/ Bernstein \/ Stewart, Goldings grew up primarily as a pianist, but, &#8220;home organs, analog synths, melodicas &#8211; what have you &#8211; were equally significant during my formative years. I &hellip; <\/p>\n<p class=\"link-more\"><a href=\"https:\/\/unitedworld.gr\/index.php\/artists\/larry-goldings\/\" class=\"more-link\">Read more<span class=\"screen-reader-text\"> &#8220;Larry Goldings&#8221;<\/span><\/a><\/p>\n","protected":false},"author":1,"featured_media":16,"parent":8,"menu_order":0,"comment_status":"closed","ping_status":"closed","template":"page-templates\/full-width-builder-bb.php","meta":{"footnotes":""},"class_list":["post-386","page","type-page","status-publish","has-post-thumbnail","hentry"],"featured_media_urls":{"thumbnail":["https:\/\/unitedworld.gr\/wp-content\/uploads\/2023\/02\/cropped-larry-goldings-by-imre-barta-2-2019_49562280011_o-150x150.jpg",150,150,true],"medium":["https:\/\/unitedworld.gr\/wp-content\/uploads\/2023\/02\/cropped-larry-goldings-by-imre-barta-2-2019_49562280011_o-300x200.jpg",300,200,true],"medium_large":["https:\/\/unitedworld.gr\/wp-content\/uploads\/2023\/02\/cropped-larry-goldings-by-imre-barta-2-2019_49562280011_o-768x513.jpg",768,513,true],"large":["https:\/\/unitedworld.gr\/wp-content\/uploads\/2023\/02\/cropped-larry-goldings-by-imre-barta-2-2019_49562280011_o-1024x684.jpg",950,635,true],"1536x1536":["https:\/\/unitedworld.gr\/wp-content\/uploads\/2023\/02\/cropped-larry-goldings-by-imre-barta-2-2019_49562280011_o-1536x1025.jpg",1536,1025,true],"2048x2048":["https:\/\/unitedworld.gr\/wp-content\/uploads\/2023\/02\/cropped-larry-goldings-by-imre-barta-2-2019_49562280011_o.jpg",2000,1335,false],"inspiro-featured-image":["https:\/\/unitedworld.gr\/wp-content\/uploads\/2023\/02\/cropped-larry-goldings-by-imre-barta-2-2019_49562280011_o.jpg",2000,1335,false],"inspiro-loop":["https:\/\/unitedworld.gr\/wp-content\/uploads\/2023\/02\/cropped-larry-goldings-by-imre-barta-2-2019_49562280011_o-950x320.jpg",950,320,true],"inspiro-loop@2x":["https:\/\/unitedworld.gr\/wp-content\/uploads\/2023\/02\/cropped-larry-goldings-by-imre-barta-2-2019_49562280011_o-1900x640.jpg",1900,640,true],"portfolio_item-thumbnail":["https:\/\/unitedworld.gr\/wp-content\/uploads\/2023\/02\/cropped-larry-goldings-by-imre-barta-2-2019_49562280011_o-600x400.jpg",600,400,true],"portfolio_item-thumbnail@2x":["https:\/\/unitedworld.gr\/wp-content\/uploads\/2023\/02\/cropped-larry-goldings-by-imre-barta-2-2019_49562280011_o-1200x800.jpg",1200,800,true],"portfolio_item-masonry":["https:\/\/unitedworld.gr\/wp-content\/uploads\/2023\/02\/cropped-larry-goldings-by-imre-barta-2-2019_49562280011_o-600x401.jpg",600,401,true],"portfolio_item-masonry@2x":["https:\/\/unitedworld.gr\/wp-content\/uploads\/2023\/02\/cropped-larry-goldings-by-imre-barta-2-2019_49562280011_o-1200x801.jpg",1200,801,true],"portfolio_item-thumbnail_cinema":["https:\/\/unitedworld.gr\/wp-content\/uploads\/2023\/02\/cropped-larry-goldings-by-imre-barta-2-2019_49562280011_o-800x335.jpg",800,335,true],"portfolio_item-thumbnail_portrait":["https:\/\/unitedworld.gr\/wp-content\/uploads\/2023\/02\/cropped-larry-goldings-by-imre-barta-2-2019_49562280011_o-600x900.jpg",600,900,true],"portfolio_item-thumbnail_portrait@2x":["https:\/\/unitedworld.gr\/wp-content\/uploads\/2023\/02\/cropped-larry-goldings-by-imre-barta-2-2019_49562280011_o-1200x1335.jpg",1200,1335,true],"portfolio_item-thumbnail_square":["https:\/\/unitedworld.gr\/wp-content\/uploads\/2023\/02\/cropped-larry-goldings-by-imre-barta-2-2019_49562280011_o-800x800.jpg",800,800,true]},"_links":{"self":[{"href":"https:\/\/unitedworld.gr\/index.php\/wp-json\/wp\/v2\/pages\/386","targetHints":{"allow":["GET"]}}],"collection":[{"href":"https:\/\/unitedworld.gr\/index.php\/wp-json\/wp\/v2\/pages"}],"about":[{"href":"https:\/\/unitedworld.gr\/index.php\/wp-json\/wp\/v2\/types\/page"}],"author":[{"embeddable":true,"href":"https:\/\/unitedworld.gr\/index.php\/wp-json\/wp\/v2\/users\/1"}],"replies":[{"embeddable":true,"href":"https:\/\/unitedworld.gr\/index.php\/wp-json\/wp\/v2\/comments?post=386"}],"version-history":[{"count":12,"href":"https:\/\/unitedworld.gr\/index.php\/wp-json\/wp\/v2\/pages\/386\/revisions"}],"predecessor-version":[{"id":717,"href":"https:\/\/unitedworld.gr\/index.php\/wp-json\/wp\/v2\/pages\/386\/revisions\/717"}],"up":[{"embeddable":true,"href":"https:\/\/unitedworld.gr\/index.php\/wp-json\/wp\/v2\/pages\/8"}],"wp:featuredmedia":[{"embeddable":true,"href":"https:\/\/unitedworld.gr\/index.php\/wp-json\/wp\/v2\/media\/16"}],"wp:attachment":[{"href":"https:\/\/unitedworld.gr\/index.php\/wp-json\/wp\/v2\/media?parent=386"}],"curies":[{"name":"wp","href":"https:\/\/api.w.org\/{rel}","templated":true}]}}